{"id":16,"date":"2020-02-25T12:21:12","date_gmt":"2020-02-25T11:21:12","guid":{"rendered":"http:\/\/ornamentasacra.kikirpa.be\/?page_id=16"},"modified":"2020-05-14T10:37:59","modified_gmt":"2020-05-14T09:37:59","slug":"les-textiles-liturgiques","status":"publish","type":"page","link":"https:\/\/ornamentasacra.kikirpa.be\/?page_id=16&lang=fr","title":{"rendered":"Les textiles liturgiques"},"content":{"rendered":"\n<div class=\"wp-block-media-text alignwide is-vertically-aligned-center\" style=\"grid-template-columns:22% auto\"><figure class=\"wp-block-media-text__media\"><img loading=\"lazy\" decoding=\"async\" width=\"450\" height=\"721\" src=\"http:\/\/ornamentasacra.kikirpa.be\/wp-content\/uploads\/2020\/03\/X078626.jpg\" alt=\"\" class=\"wp-image-234\"\/><\/figure><div class=\"wp-block-media-text__content\">\n<p class=\"has-medium-font-size\"><strong>Chasuble<\/strong><\/p>\n\n\n\n<p> V\u00eatement sans manches, g\u00e9n\u00e9ralement orn\u00e9 de motifs form\u00e9s par des galons, s\u2019enfilant par la t\u00eate et port\u00e9 au-dessus de l\u2019aube et de l\u2019\u00e9tole par celui qui c\u00e9l\u00e8bre la messe. <\/p>\n\n\n\n<div class=\"wp-block-button\"><a class=\"wp-block-button__link has-background\" href=\"http:\/\/ornamentasacra.kikirpa.be\/index.php\/fr\/chasuble\/\" style=\"background-color:#deb543\">En savoir plus&#8230;<\/a><\/div>\n\n\n\n<div style=\"height:100px\" aria-hidden=\"true\" class=\"wp-block-spacer\"><\/div>\n\n\n\n<p style=\"font-size:11px\">Chasuble de l&rsquo;abb\u00e9 Guillaume Van der Molen, abb\u00e9 d&rsquo;Heylissem (1523)<br>Bunsbeek, \u00e9glise Saint-Quirin<br> [\u00a9 IRPA, Bruxelles,\u00a0clich\u00e9 X078626] <\/p>\n<\/div><\/div>\n\n\n\n<div style=\"height:110px\" aria-hidden=\"true\" class=\"wp-block-spacer\"><\/div>\n\n\n\n<div class=\"wp-block-media-text alignwide\" style=\"grid-template-columns:22% auto\"><figure class=\"wp-block-media-text__media\"><img loading=\"lazy\" decoding=\"async\" width=\"450\" height=\"729\" src=\"http:\/\/ornamentasacra.kikirpa.be\/wp-content\/uploads\/2020\/03\/x020146-1.jpg\" alt=\"\" class=\"wp-image-213\"\/><\/figure><div class=\"wp-block-media-text__content\">\n<p class=\"has-medium-font-size\"><strong>Chape liturgique<\/strong><\/p>\n\n\n\n<p class=\"has-normal-font-size\">V\u00eatement liturgique ample et sans manche, drapant tout le corps, constitu\u00e9 d\u2019une pi\u00e8ce d\u2019\u00e9toffe de forme semi-circulaire, attach\u00e9 sur le devant par des agrafes ou un mors de chape. La chape est port\u00e9e par le pr\u00eatre lors de certaines c\u00e9l\u00e9brations solennelles, en dehors de la messe.<\/p>\n\n\n\n<div class=\"wp-block-button\"><a class=\"wp-block-button__link has-background\" href=\"http:\/\/ornamentasacra.kikirpa.be\/index.php\/fr\/chape-liturgique\/\" style=\"background-color:#deb543\">En savoir plus&#8230;<\/a><\/div>\n\n\n\n<div style=\"height:100px\" aria-hidden=\"true\" class=\"wp-block-spacer\"><\/div>\n\n\n\n<p style=\"font-size:11px\">Chape (XVIe si\u00e8cle), L\u00e9au, \u00e9glise Saint-L\u00e9onard  <br>[\u00a9 IRPA, Bruxelles ,\u00a0clich\u00e9 x020146] <\/p>\n<\/div><\/div>\n\n\n\n<div style=\"height:110px\" aria-hidden=\"true\" class=\"wp-block-spacer\"><\/div>\n\n\n\n<div class=\"wp-block-media-text alignwide\" style=\"grid-template-columns:22% auto\"><figure class=\"wp-block-media-text__media\"><img loading=\"lazy\" decoding=\"async\" width=\"626\" height=\"850\" src=\"http:\/\/ornamentasacra.kikirpa.be\/wp-content\/uploads\/2020\/03\/X078721.jpg\" alt=\"\" class=\"wp-image-508\"\/><\/figure><div class=\"wp-block-media-text__content\">\n<p class=\"has-medium-font-size\"><strong>Dalmatique<\/strong><\/p>\n\n\n\n<p class=\"has-normal-font-size\"> Tunique \u00e0 manches courtes, g\u00e9n\u00e9ralement ouverte sur les c\u00f4t\u00e9s, d\u00e9cor\u00e9e de galons et d\u2019orfrois, qui s\u2019enfile par la t\u00eate&nbsp;; elle est port\u00e9e par-dessus l&rsquo;aube&nbsp;par les diacres. <\/p>\n\n\n\n<div class=\"wp-block-button\"><a class=\"wp-block-button__link has-background\" href=\"http:\/\/ornamentasacra.kikirpa.be\/index.php\/fr\/dalmatique\/\" style=\"background-color:#deb543\">En savoir plus&#8230;<\/a><\/div>\n\n\n\n<div style=\"height:100px\" aria-hidden=\"true\" class=\"wp-block-spacer\"><\/div>\n\n\n\n<p style=\"font-size:11px\">Dalmatique (1491-1500 ), Lichtaart, \u00e9glise Notre-Dame  <br>[\u00a9 IRPA, Bruxelles,\u00a0clich\u00e9 x078721] <\/p>\n<\/div><\/div>\n","protected":false},"excerpt":{"rendered":"","protected":false},"author":1,"featured_media":0,"parent":0,"menu_order":0,"comment_status":"closed","ping_status":"closed","template":"","meta":{"footnotes":""},"class_list":["post-16","page","type-page","status-publish","hentry"],"_links":{"self":[{"href":"https:\/\/ornamentasacra.kikirpa.be\/index.php?rest_route=\/wp\/v2\/pages\/16","targetHints":{"allow":["GET"]}}],"collection":[{"href":"https:\/\/ornamentasacra.kikirpa.be\/index.php?rest_route=\/wp\/v2\/pages"}],"about":[{"href":"https:\/\/ornamentasacra.kikirpa.be\/index.php?rest_route=\/wp\/v2\/types\/page"}],"author":[{"embeddable":true,"href":"https:\/\/ornamentasacra.kikirpa.be\/index.php?rest_route=\/wp\/v2\/users\/1"}],"replies":[{"embeddable":true,"href":"https:\/\/ornamentasacra.kikirpa.be\/index.php?rest_route=%2Fwp%2Fv2%2Fcomments&post=16"}],"version-history":[{"count":24,"href":"https:\/\/ornamentasacra.kikirpa.be\/index.php?rest_route=\/wp\/v2\/pages\/16\/revisions"}],"predecessor-version":[{"id":617,"href":"https:\/\/ornamentasacra.kikirpa.be\/index.php?rest_route=\/wp\/v2\/pages\/16\/revisions\/617"}],"wp:attachment":[{"href":"https:\/\/ornamentasacra.kikirpa.be\/index.php?rest_route=%2Fwp%2Fv2%2Fmedia&parent=16"}],"curies":[{"name":"wp","href":"https:\/\/api.w.org\/{rel}","templated":true}]}}